{"id":1595,"date":"2023-08-12T14:04:46","date_gmt":"2023-08-12T12:04:46","guid":{"rendered":"http:\/\/www.combatclub.fr\/?page_id=1595"},"modified":"2024-08-30T10:55:14","modified_gmt":"2024-08-30T08:55:14","slug":"documents-adherents","status":"publish","type":"page","link":"http:\/\/lebattle.fr\/index.php\/documents-adherents\/","title":{"rendered":"Documents adh\u00e9rents"},"content":{"rendered":"\n<p><strong>Mod\u00e8le pour certificat m\u00e9dical<\/strong> (imprimer recto-verso)<\/p>\n\n\n\n<p>Pour nos disciplines sportives, le certificat m\u00e9dical reste \u00e0 pr\u00e9senter au d\u00e9but de chaque saison. le mod\u00e8le r\u00e9glementaire est d\u00e9sormais obligatoire lors de l&rsquo;inscription au club.<\/p>\n\n\n\n<p>Je t\u00e9l\u00e9charge le mod\u00e8le r\u00e9glementaire de certificat m\u00e9dical, \u00e0 faire remplir par le m\u00e9decin (imprimer en recto-verso) :<\/p>\n\n\n\n<ul class=\"wp-block-list\">\n<li>Certificat MMA adh\u00e9rents mineurs assaut :<a href=\"https:\/\/combatclub.fr\/wp-content\/uploads\/2024\/08\/CNCM_certificat_medical_mineurs.pdf\"> <\/a><a href=\"https:\/\/combatmixte.fr\/wp-content\/uploads\/2024\/08\/CNCM_certificat_medical_mineurs.pdf\" target=\"_blank\" rel=\"noreferrer noopener\">t\u00e9l\u00e9chargez ici<\/a><\/li>\n\n\n\n<li>Certificat MMA adh\u00e9rents majeurs (18 ans et +) assaut et\/ou combat : <a href=\"https:\/\/combatmixte.fr\/wp-content\/uploads\/2024\/08\/CNCM_certificat_medical_majeurs.pdf\" target=\"_blank\" rel=\"noreferrer noopener\">t\u00e9l\u00e9chargez ici<\/a><\/li>\n<\/ul>\n\n\n\n<p><strong>Documents utiles aux adh\u00e9rents du Battle<\/strong><\/p>\n\n\n\n<ul class=\"wp-block-list\">\n<li>Module d&rsquo;<a href=\"http:\/\/lebattle.fr\/wp-content\/uploads\/2024\/08\/amelioration_endurance_7_semaines.pdf\" target=\"_blank\" rel=\"noreferrer noopener\">am\u00e9lioration de l&rsquo;endurance<\/a> (7 semaines)<\/li>\n\n\n\n<li>R\u00e9glementation sportive Combat Mixte (MMA) 2024-2025 : sur le site du <a href=\"https:\/\/combatmixte.fr\/reglementation\/\" target=\"_blank\" rel=\"noreferrer noopener\">Comit\u00e9 National de Combat Mixte<\/a><\/li>\n<\/ul>\n\n\n\n<p><\/p>\n","protected":false},"excerpt":{"rendered":"<p>Mod\u00e8le pour certificat m\u00e9dical (imprimer recto-verso) Pour nos disciplines sportives, le certificat m\u00e9dical reste \u00e0 pr\u00e9senter au d\u00e9but de chaque saison. le mod\u00e8le r\u00e9glementaire est d\u00e9sormais obligatoire lors de l&rsquo;inscription au club. Je t\u00e9l\u00e9charge le mod\u00e8le r\u00e9glementaire de certificat m\u00e9dical, \u00e0 faire remplir par le m\u00e9decin (imprimer en recto-verso) : Documents utiles aux adh\u00e9rents du&hellip;<\/p>\n","protected":false},"author":1,"featured_media":2501,"parent":0,"menu_order":0,"comment_status":"closed","ping_status":"closed","template":"","meta":{"footnotes":""},"class_list":["post-1595","page","type-page","status-publish","has-post-thumbnail","hentry"],"_links":{"self":[{"href":"http:\/\/lebattle.fr\/index.php\/wp-json\/wp\/v2\/pages\/1595","targetHints":{"allow":["GET"]}}],"collection":[{"href":"http:\/\/lebattle.fr\/index.php\/wp-json\/wp\/v2\/pages"}],"about":[{"href":"http:\/\/lebattle.fr\/index.php\/wp-json\/wp\/v2\/types\/page"}],"author":[{"embeddable":true,"href":"http:\/\/lebattle.fr\/index.php\/wp-json\/wp\/v2\/users\/1"}],"replies":[{"embeddable":true,"href":"http:\/\/lebattle.fr\/index.php\/wp-json\/wp\/v2\/comments?post=1595"}],"version-history":[{"count":3,"href":"http:\/\/lebattle.fr\/index.php\/wp-json\/wp\/v2\/pages\/1595\/revisions"}],"predecessor-version":[{"id":2528,"href":"http:\/\/lebattle.fr\/index.php\/wp-json\/wp\/v2\/pages\/1595\/revisions\/2528"}],"wp:featuredmedia":[{"embeddable":true,"href":"http:\/\/lebattle.fr\/index.php\/wp-json\/wp\/v2\/media\/2501"}],"wp:attachment":[{"href":"http:\/\/lebattle.fr\/index.php\/wp-json\/wp\/v2\/media?parent=1595"}],"curies":[{"name":"wp","href":"https:\/\/api.w.org\/{rel}","templated":true}]}}